{"id":1232,"date":"2021-03-26T10:04:50","date_gmt":"2021-03-26T09:04:50","guid":{"rendered":"https:\/\/hovedkontoret.no\/?page_id=1232"},"modified":"2024-01-11T21:29:41","modified_gmt":"2024-01-11T20:29:41","slug":"blogg","status":"publish","type":"page","link":"https:\/\/hovedkontoret.no\/en\/blogg\/","title":{"rendered":"Blog"},"content":{"rendered":"\t\t<div data-elementor-type=\"wp-page\" data-elementor-id=\"1232\" class=\"elementor elementor-1232\" data-elementor-post-type=\"page\">\n\t\t\t\t\t\t<section class=\"elementor-section elementor-top-section elementor-element elementor-element-5524db3 elementor-section-boxed elementor-section-height-default elementor-section-height-default\" data-id=\"5524db3\" data-element_type=\"section\" data-e-type=\"section\" data-settings=\"{&quot;jet_parallax_layout_list&quot;:[{&quot;jet_parallax_layout_image&quot;:{&quot;url&quot;:&quot;&quot;,&quot;id&quot;:&quot;&quot;,&quot;size&quot;:&quot;&quot;},&quot;_id&quot;:&quot;22a7d64&quot;,&quot;jet_parallax_layout_image_tablet&quot;:{&quot;url&quot;:&quot;&quot;,&quot;id&quot;:&quot;&quot;,&quot;size&quot;:&quot;&quot;},&quot;jet_parallax_layout_image_mobile&quot;:{&quot;url&quot;:&quot;&quot;,&quot;id&quot;:&quot;&quot;,&quot;size&quot;:&quot;&quot;},&quot;jet_parallax_layout_speed&quot;:{&quot;unit&quot;:&quot;%&quot;,&quot;size&quot;:50,&quot;sizes&quot;:[]},&quot;jet_parallax_layout_type&quot;:&quot;scroll&quot;,&quot;jet_parallax_layout_direction&quot;:&quot;1&quot;,&quot;jet_parallax_layout_fx_direction&quot;:null,&quot;jet_parallax_layout_z_index&quot;:&quot;&quot;,&quot;jet_parallax_layout_bg_x&quot;:50,&quot;jet_parallax_layout_bg_x_tablet&quot;:&quot;&quot;,&quot;jet_parallax_layout_bg_x_mobile&quot;:&quot;&quot;,&quot;jet_parallax_layout_bg_y&quot;:50,&quot;jet_parallax_layout_bg_y_tablet&quot;:&quot;&quot;,&quot;jet_parallax_layout_bg_y_mobile&quot;:&quot;&quot;,&quot;jet_parallax_layout_bg_size&quot;:&quot;auto&quot;,&quot;jet_parallax_layout_bg_size_tablet&quot;:&quot;&quot;,&quot;jet_parallax_layout_bg_size_mobile&quot;:&quot;&quot;,&quot;jet_parallax_layout_animation_prop&quot;:&quot;transform&quot;,&quot;jet_parallax_layout_on&quot;:[&quot;desktop&quot;,&quot;tablet&quot;]}]}\">\n\t\t\t\t\t\t<div class=\"elementor-container elementor-column-gap-default\">\n\t\t\t\t\t<div class=\"elementor-column elementor-col-100 elementor-top-column elementor-element elementor-element-2e7e2cb\" data-id=\"2e7e2cb\" data-element_type=\"column\" data-e-type=\"column\">\n\t\t\t<div class=\"elementor-widget-wrap elementor-element-populated\">\n\t\t\t\t\t\t<div class=\"elementor-element elementor-element-0471ca1 elementor-widget elementor-widget-heading\" data-id=\"0471ca1\" data-element_type=\"widget\" data-e-type=\"widget\" data-widget_type=\"heading.default\">\n\t\t\t\t<div class=\"elementor-widget-container\">\n\t\t\t\t\t<h2 class=\"elementor-heading-title elementor-size-default\">Blogg<\/h2>\t\t\t\t<\/div>\n\t\t\t\t<\/div>\n\t\t\t\t\t<\/div>\n\t\t<\/div>\n\t\t\t\t\t<\/div>\n\t\t<\/section>\n\t\t\t\t<section class=\"elementor-section elementor-top-section elementor-element elementor-element-93988f7 elementor-section-boxed elementor-section-height-default elementor-section-height-default\" data-id=\"93988f7\" data-element_type=\"section\" data-e-type=\"section\" data-settings=\"{&quot;jet_parallax_layout_list&quot;:[{&quot;jet_parallax_layout_image&quot;:{&quot;url&quot;:&quot;&quot;,&quot;id&quot;:&quot;&quot;,&quot;size&quot;:&quot;&quot;},&quot;_id&quot;:&quot;5256f98&quot;,&quot;jet_parallax_layout_image_tablet&quot;:{&quot;url&quot;:&quot;&quot;,&quot;id&quot;:&quot;&quot;,&quot;size&quot;:&quot;&quot;},&quot;jet_parallax_layout_image_mobile&quot;:{&quot;url&quot;:&quot;&quot;,&quot;id&quot;:&quot;&quot;,&quot;size&quot;:&quot;&quot;},&quot;jet_parallax_layout_speed&quot;:{&quot;unit&quot;:&quot;%&quot;,&quot;size&quot;:50,&quot;sizes&quot;:[]},&quot;jet_parallax_layout_type&quot;:&quot;scroll&quot;,&quot;jet_parallax_layout_direction&quot;:&quot;1&quot;,&quot;jet_parallax_layout_fx_direction&quot;:null,&quot;jet_parallax_layout_z_index&quot;:&quot;&quot;,&quot;jet_parallax_layout_bg_x&quot;:50,&quot;jet_parallax_layout_bg_x_tablet&quot;:&quot;&quot;,&quot;jet_parallax_layout_bg_x_mobile&quot;:&quot;&quot;,&quot;jet_parallax_layout_bg_y&quot;:50,&quot;jet_parallax_layout_bg_y_tablet&quot;:&quot;&quot;,&quot;jet_parallax_layout_bg_y_mobile&quot;:&quot;&quot;,&quot;jet_parallax_layout_bg_size&quot;:&quot;auto&quot;,&quot;jet_parallax_layout_bg_size_tablet&quot;:&quot;&quot;,&quot;jet_parallax_layout_bg_size_mobile&quot;:&quot;&quot;,&quot;jet_parallax_layout_animation_prop&quot;:&quot;transform&quot;,&quot;jet_parallax_layout_on&quot;:[&quot;desktop&quot;,&quot;tablet&quot;]}]}\">\n\t\t\t\t\t\t<div class=\"elementor-container elementor-column-gap-default\">\n\t\t\t\t\t<div class=\"elementor-column elementor-col-100 elementor-top-column elementor-element elementor-element-d26b002\" data-id=\"d26b002\" data-element_type=\"column\" data-e-type=\"column\">\n\t\t\t<div class=\"elementor-widget-wrap elementor-element-populated\">\n\t\t\t\t\t\t<div class=\"elementor-element elementor-element-05fa190 elementor-widget elementor-widget-jet-posts\" data-id=\"05fa190\" data-element_type=\"widget\" data-e-type=\"widget\" data-settings=\"{&quot;columns_mobile&quot;:&quot;1&quot;,&quot;columns&quot;:3,&quot;slides_to_scroll&quot;:&quot;1&quot;}\" data-widget_type=\"jet-posts.default\">\n\t\t\t\t<div class=\"elementor-widget-container\">\n\t\t\t\t\t<div class=\"elementor-jet-posts jet-elements\"><div class=\"jet-posts col-row  jet-equal-cols\"><div class=\"jet-posts__item\">\n\t<div class=\"jet-posts__inner-box\"><div class=\"post-thumbnail\"><a href=\"https:\/\/hovedkontoret.no\/en\/oylivets-velsignelser\/\" class=\"post-thumbnail__link\"><img loading=\"lazy\" decoding=\"async\" class=\"post-thumbnail__img wp-post-image\" src=\"https:\/\/hovedkontoret.no\/wp-content\/uploads\/2021\/06\/01detgodeliv_karsten.jpeg\" alt=\"\u00d8ylivets velsignelser\" loading=\"lazy\" width=\"1242\" height=\"1236\"><\/a><\/div><div class=\"jet-posts__inner-content\"><h4 class=\"entry-title\"><a href=\"https:\/\/hovedkontoret.no\/en\/oylivets-velsignelser\/\" target=\"\">\u00d8ylivets velsignelser<\/a><\/h4><div class=\"entry-excerpt\">Legendariske Skrova og Hovedkontoret er n\u00e6rmere enn du tror. Reiser du hjemmefra p\u00e5 morgenen, kan du parkere t\u00f8flene her p\u00e5&hellip;<\/div><div class=\"jet-more-wrap\"><a href=\"https:\/\/hovedkontoret.no\/en\/oylivets-velsignelser\/\" class=\"btn btn-primary elementor-button elementor-size-md jet-more\" target=\"\"><span class=\"btn__text\">Les mer &gt;&gt;<\/span><\/a><\/div><\/div><\/div>\n<\/div>\n<div class=\"jet-posts__item\">\n\t<div class=\"jet-posts__inner-box\"><div class=\"post-thumbnail\"><a href=\"https:\/\/hovedkontoret.no\/en\/4-kule-ting-a-gjore-i-skrova\/\" class=\"post-thumbnail__link\"><img loading=\"lazy\" decoding=\"async\" class=\"post-thumbnail__img wp-post-image\" src=\"https:\/\/hovedkontoret.no\/wp-content\/uploads\/2020\/11\/Skjermbilde-2021-03-26-kl.-20.27.53.png\" alt=\"7 kule ting \u00e5 gj\u00f8re i Skrova\" loading=\"lazy\" width=\"1194\" height=\"1194\"><\/a><\/div><div class=\"jet-posts__inner-content\"><h4 class=\"entry-title\"><a href=\"https:\/\/hovedkontoret.no\/en\/4-kule-ting-a-gjore-i-skrova\/\" target=\"\">7 kule ting \u00e5 gj\u00f8re i Skrova<\/a><\/h4><div class=\"entry-excerpt\">Selv om Skrova bare ser ut som en liten prikk p\u00e5 kartet, s\u00e5 har \u00f8ya utrolig mye sjel og innhold,&hellip;<\/div><div class=\"jet-more-wrap\"><a href=\"https:\/\/hovedkontoret.no\/en\/4-kule-ting-a-gjore-i-skrova\/\" class=\"btn btn-primary elementor-button elementor-size-md jet-more\" target=\"\"><span class=\"btn__text\">Les mer &gt;&gt;<\/span><\/a><\/div><\/div><\/div>\n<\/div>\n<div class=\"jet-posts__item\">\n\t<div class=\"jet-posts__inner-box\"><div class=\"post-thumbnail\"><a href=\"https:\/\/hovedkontoret.no\/en\/workstay-magisk-host-i-skrova\/\" class=\"post-thumbnail__link\"><img loading=\"lazy\" decoding=\"async\" class=\"post-thumbnail__img wp-post-image\" src=\"https:\/\/hovedkontoret.no\/wp-content\/uploads\/2022\/10\/lillemollakveldsstille_kv.jpg\" alt=\"Work&amp;Stay - Magisk vinter i Skrova\" loading=\"lazy\" width=\"1200\" height=\"1200\"><\/a><\/div><div class=\"jet-posts__inner-content\"><h4 class=\"entry-title\"><a href=\"https:\/\/hovedkontoret.no\/en\/workstay-magisk-host-i-skrova\/\" target=\"\">Work&amp;Stay - Magisk vinter i Skrova<\/a><\/h4><div class=\"entry-excerpt\">Omringet av hav p\u00e5 alle kanter trenger arbeidsroen seg p\u00e5, og lufta dirrer av tilfredshet. Slik skjer det at du&hellip;<\/div><div class=\"jet-more-wrap\"><a href=\"https:\/\/hovedkontoret.no\/en\/workstay-magisk-host-i-skrova\/\" class=\"btn btn-primary elementor-button elementor-size-md jet-more\" target=\"\"><span class=\"btn__text\">Les mer &gt;&gt;<\/span><\/a><\/div><\/div><\/div>\n<\/div>\n<div class=\"jet-posts__item\">\n\t<div class=\"jet-posts__inner-box\"><div class=\"post-thumbnail\"><a href=\"https:\/\/hovedkontoret.no\/en\/tirsdagslonsj-pa-hovedkontoret\/\" class=\"post-thumbnail__link\"><img loading=\"lazy\" decoding=\"async\" class=\"post-thumbnail__img wp-post-image\" src=\"https:\/\/hovedkontoret.no\/wp-content\/uploads\/2022\/12\/utsikt_skilt.jpeg\" alt=\"Tirsdagsl\u00f8nsj p\u00e5 Hovedkontoret\" loading=\"lazy\" width=\"1440\" height=\"1440\"><\/a><\/div><div class=\"jet-posts__inner-content\"><h4 class=\"entry-title\"><a href=\"https:\/\/hovedkontoret.no\/en\/tirsdagslonsj-pa-hovedkontoret\/\" target=\"\">Tirsdagsl\u00f8nsj p\u00e5 Hovedkontoret<\/a><\/h4><div class=\"entry-excerpt\">Denne er til deg som er lei av br\u00f8dskiva foran PC\u00e9n \u2013 vi sier nei til kjedelige alenelunsjer!&nbsp; Hovedkontorer inviterer&hellip;<\/div><div class=\"jet-more-wrap\"><a href=\"https:\/\/hovedkontoret.no\/en\/tirsdagslonsj-pa-hovedkontoret\/\" class=\"btn btn-primary elementor-button elementor-size-md jet-more\" target=\"\"><span class=\"btn__text\">Les mer &gt;&gt;<\/span><\/a><\/div><\/div><\/div>\n<\/div>\n<div class=\"jet-posts__item\">\n\t<div class=\"jet-posts__inner-box\"><div class=\"post-thumbnail\"><a href=\"https:\/\/hovedkontoret.no\/en\/workation-all-inclusive-det-gode-skrovaliv\/\" class=\"post-thumbnail__link\"><img loading=\"lazy\" decoding=\"async\" class=\"post-thumbnail__img wp-post-image\" src=\"https:\/\/hovedkontoret.no\/wp-content\/uploads\/2021\/12\/loshyttanordlys1200kv.png\" alt=\"Workation all inclusive det gode Skrovaliv!\" loading=\"lazy\" width=\"1200\" height=\"1200\"><\/a><\/div><div class=\"jet-posts__inner-content\"><h4 class=\"entry-title\"><a href=\"https:\/\/hovedkontoret.no\/en\/workation-all-inclusive-det-gode-skrovaliv\/\" target=\"\">Workation all inclusive det gode Skrovaliv!<\/a><\/h4><div class=\"entry-excerpt\">Workation i Skrova gir deg mulighet til \u00e5 fylle minnebanken med opplevelser du aldri glemmer!Forskning viser at naturopplevelser og natur&hellip;<\/div><div class=\"jet-more-wrap\"><a href=\"https:\/\/hovedkontoret.no\/en\/workation-all-inclusive-det-gode-skrovaliv\/\" class=\"btn btn-primary elementor-button elementor-size-md jet-more\" target=\"\"><span class=\"btn__text\">Les mer &gt;&gt;<\/span><\/a><\/div><\/div><\/div>\n<\/div>\n<div class=\"jet-posts__item\">\n\t<div class=\"jet-posts__inner-box\"><div class=\"post-thumbnail\"><a href=\"https:\/\/hovedkontoret.no\/en\/skrova-pa-bucketlista\/\" class=\"post-thumbnail__link\"><img loading=\"lazy\" decoding=\"async\" class=\"post-thumbnail__img wp-post-image\" src=\"https:\/\/hovedkontoret.no\/wp-content\/uploads\/2021\/12\/SkrovafjellvinterEmilNord.png\" alt=\"Skrova p\u00e5 bucketlista!\" loading=\"lazy\" width=\"1400\" height=\"1400\"><\/a><\/div><div class=\"jet-posts__inner-content\"><h4 class=\"entry-title\"><a href=\"https:\/\/hovedkontoret.no\/en\/skrova-pa-bucketlista\/\" target=\"\">Skrova p\u00e5 bucketlista!<\/a><\/h4><div class=\"entry-excerpt\">Vinter og hjemmekontor er en fin mulighet til \u00e5 fylle minnebanken med historier og opplevelser du aldri glemmer! Forskning viser&hellip;<\/div><div class=\"jet-more-wrap\"><a href=\"https:\/\/hovedkontoret.no\/en\/skrova-pa-bucketlista\/\" class=\"btn btn-primary elementor-button elementor-size-md jet-more\" target=\"\"><span class=\"btn__text\">Les mer &gt;&gt;<\/span><\/a><\/div><\/div><\/div>\n<\/div>\n<div class=\"jet-posts__item\">\n\t<div class=\"jet-posts__inner-box\"><div class=\"post-thumbnail\"><a href=\"https:\/\/hovedkontoret.no\/en\/skrova-der-klokka-ikke-teller\/\" class=\"post-thumbnail__link\"><img loading=\"lazy\" decoding=\"async\" class=\"post-thumbnail__img wp-post-image\" src=\"https:\/\/hovedkontoret.no\/wp-content\/uploads\/2021\/12\/bloggfisk.png\" alt=\"\u00d8ya der klokka ikke teller\" loading=\"lazy\" width=\"1400\" height=\"1400\"><\/a><\/div><div class=\"jet-posts__inner-content\"><h4 class=\"entry-title\"><a href=\"https:\/\/hovedkontoret.no\/en\/skrova-der-klokka-ikke-teller\/\" target=\"\">\u00d8ya der klokka ikke teller<\/a><\/h4><div class=\"entry-excerpt\">Skrova hadde lenge st\u00e5tt p\u00e5 bucketlista over steder \u00e5 oppdage, s\u00e5 n\u00e5r neste sesongs planer skulle legges dukket Skrova opp&hellip;<\/div><div class=\"jet-more-wrap\"><a href=\"https:\/\/hovedkontoret.no\/en\/skrova-der-klokka-ikke-teller\/\" class=\"btn btn-primary elementor-button elementor-size-md jet-more\" target=\"\"><span class=\"btn__text\">Les mer &gt;&gt;<\/span><\/a><\/div><\/div><\/div>\n<\/div>\n<div class=\"jet-posts__item\">\n\t<div class=\"jet-posts__inner-box\"><div class=\"post-thumbnail\"><a href=\"https:\/\/hovedkontoret.no\/en\/workation-i-skrova-en-gave-til-deg-selv\/\" class=\"post-thumbnail__link\"><img loading=\"lazy\" decoding=\"async\" class=\"post-thumbnail__img wp-post-image\" src=\"https:\/\/hovedkontoret.no\/wp-content\/uploads\/2020\/11\/Skrova_RuneLund-1.jpg\" alt=\"Workation i Skrova - en gave til deg selv\" loading=\"lazy\" width=\"799\" height=\"799\"><\/a><\/div><div class=\"jet-posts__inner-content\"><h4 class=\"entry-title\"><a href=\"https:\/\/hovedkontoret.no\/en\/workation-i-skrova-en-gave-til-deg-selv\/\" target=\"\">Workation i Skrova - en gave til deg selv<\/a><\/h4><div class=\"entry-excerpt\">Trekk deg tilbake i p\u00e5trengende fred eller meld deg inn i det bittelille \u00f8ysamfunnet ved \u00e5 stikke hodet ut av&hellip;<\/div><div class=\"jet-more-wrap\"><a href=\"https:\/\/hovedkontoret.no\/en\/workation-i-skrova-en-gave-til-deg-selv\/\" class=\"btn btn-primary elementor-button elementor-size-md jet-more\" target=\"\"><span class=\"btn__text\">Les mer &gt;&gt;<\/span><\/a><\/div><\/div><\/div>\n<\/div>\n<div class=\"jet-posts__item\">\n\t<div class=\"jet-posts__inner-box\"><div class=\"post-thumbnail\"><a href=\"https:\/\/hovedkontoret.no\/en\/et-sted-man-ma-tilbake-til\/\" class=\"post-thumbnail__link\"><img loading=\"lazy\" decoding=\"async\" class=\"post-thumbnail__img wp-post-image\" src=\"https:\/\/hovedkontoret.no\/wp-content\/uploads\/2021\/03\/sunniva_kv.jpg\" alt=\"Et sted man m\u00e5 tilbake til\" loading=\"lazy\" width=\"1547\" height=\"1547\"><\/a><\/div><div class=\"jet-posts__inner-content\"><h4 class=\"entry-title\"><a href=\"https:\/\/hovedkontoret.no\/en\/et-sted-man-ma-tilbake-til\/\" target=\"\">Et sted man m\u00e5 tilbake til<\/a><\/h4><div class=\"entry-excerpt\">\u2013 N\u00e5r jeg har v\u00e6rt i Skrova og reiser tilbake til Oslo, ser folk rart p\u00e5 meg p\u00e5 gata. Jeg&hellip;<\/div><div class=\"jet-more-wrap\"><a href=\"https:\/\/hovedkontoret.no\/en\/et-sted-man-ma-tilbake-til\/\" class=\"btn btn-primary elementor-button elementor-size-md jet-more\" target=\"\"><span class=\"btn__text\">Les mer &gt;&gt;<\/span><\/a><\/div><\/div><\/div>\n<\/div>\n<\/div>\n<\/div>\t\t\t\t<\/div>\n\t\t\t\t<\/div>\n\t\t\t\t\t<\/div>\n\t\t<\/div>\n\t\t\t\t\t<\/div>\n\t\t<\/section>\n\t\t\t\t<\/div>\n\t\t","protected":false},"excerpt":{"rendered":"<p>Blogg Den store brennevinsdagen i Lofoten Denne dagen samla fiskerne seg til ein fest der det ble drukket brennevin\u00a0\u2014 likevel ikke s\u00e5 mye at de ikke&hellip;Les mer &gt;&gt; Workation all inclusive det gode Skrovaliv! Workation i Skrova gir deg mulighet til \u00e5 fylle minnebanken med opplevelser du aldri glemmer! Forskning viser at naturopplevelser og&hellip;Les mer [&hellip;]<\/p>\n","protected":false},"author":1,"featured_media":0,"parent":0,"menu_order":0,"comment_status":"closed","ping_status":"closed","template":"","meta":{"footnotes":""},"class_list":["post-1232","page","type-page","status-publish","hentry"],"_links":{"self":[{"href":"https:\/\/hovedkontoret.no\/en\/wp-json\/wp\/v2\/pages\/1232","targetHints":{"allow":["GET"]}}],"collection":[{"href":"https:\/\/hovedkontoret.no\/en\/wp-json\/wp\/v2\/pages"}],"about":[{"href":"https:\/\/hovedkontoret.no\/en\/wp-json\/wp\/v2\/types\/page"}],"author":[{"embeddable":true,"href":"https:\/\/hovedkontoret.no\/en\/wp-json\/wp\/v2\/users\/1"}],"replies":[{"embeddable":true,"href":"https:\/\/hovedkontoret.no\/en\/wp-json\/wp\/v2\/comments?post=1232"}],"version-history":[{"count":36,"href":"https:\/\/hovedkontoret.no\/en\/wp-json\/wp\/v2\/pages\/1232\/revisions"}],"predecessor-version":[{"id":4511,"href":"https:\/\/hovedkontoret.no\/en\/wp-json\/wp\/v2\/pages\/1232\/revisions\/4511"}],"wp:attachment":[{"href":"https:\/\/hovedkontoret.no\/en\/wp-json\/wp\/v2\/media?parent=1232"}],"curies":[{"name":"wp","href":"https:\/\/api.w.org\/{rel}","templated":true}]}}